{"id":3914,"date":"2021-04-05T23:30:40","date_gmt":"2021-04-05T23:30:40","guid":{"rendered":"https:\/\/essentials.pixfort.com\/company-elementor\/?page_id=3914"},"modified":"2025-09-16T16:26:20","modified_gmt":"2025-09-16T13:26:20","slug":"islerimiz","status":"publish","type":"page","link":"https:\/\/bambudekor.com\/index.php\/islerimiz\/","title":{"rendered":"Referans \u0130\u015flerimiz"},"content":{"rendered":"\t\t<div data-elementor-type=\"wp-page\" data-elementor-id=\"3914\" class=\"elementor elementor-3914\" data-elementor-post-type=\"page\">\n\t\t\t\t\t\t<section class=\"elementor-section elementor-top-section elementor-element elementor-element-cf7505b elementor-section-full_width elementor-section-height-default elementor-section-height-default\" data-id=\"cf7505b\" data-element_type=\"section\">\n\t\t\t\t\t\t<div class=\"elementor-container elementor-column-gap-no\">\n\t\t\t\t\t<div class=\"elementor-column elementor-col-100 elementor-top-column elementor-element elementor-element-f0a8fed\" data-id=\"f0a8fed\" data-element_type=\"column\">\n\t\t\t<div class=\"elementor-widget-wrap elementor-element-populated\">\n\t\t\t\t\t\t<div class=\"elementor-element elementor-element-d140ddd elementor-widget elementor-widget-pix-dividers\" data-id=\"d140ddd\" data-element_type=\"widget\" data-widget_type=\"pix-dividers.default\">\n\t\t\t\t<div class=\"elementor-widget-container\">\n\t\t\t\t\t<div class=\"pix-divider  position-relative pix-bottom-divider\" data-style=\"style-8\" ><svg xmlns=\"http:\/\/www.w3.org\/2000\/svg\" width=\"100%\" height=\"300px\" viewBox=\"0 0 1200 366\" preserveAspectRatio=\"none\"><polygon fill=\"url(#divider-pix-accordion-357586-bottom-overlay-layer-3)\" points=\"0 240 1200 0 1200 366 0 366\" \/><polygon fill=\"url(#divider-pix-accordion-357586-bottom-overlay-layer-2)\" points=\"0 300 1200 60 1200 366 0 366\"  \/><polygon fill=\"#ffffff\" points=\"0 360 1200 120 1200 366 0 366\"\/><defs><linearGradient id=\"divider-pix-accordion-357586-bottom-overlay-layer-3\" x1=\"0%\" y1=\"0%\" x2=\"100%\" y2=\"0%\"><stop offset=\"0%\"   stop-color=\"#00000014\"\/><stop offset=\"100%\"   stop-color=\"#FFFFFF03\"\/><\/linearGradient><linearGradient id=\"divider-pix-accordion-357586-bottom-overlay-layer-2\" x1=\"0%\" y1=\"0%\" x2=\"100%\" y2=\"0%\"><stop offset=\"0%\"   stop-color=\"#FFFFFF03\"\/><stop offset=\"100%\"   stop-color=\"#FFFFFF03\"\/><\/linearGradient><\/defs><\/svg><\/div>\t\t\t\t<\/div>\n\t\t\t\t<\/div>\n\t\t\t\t\t<\/div>\n\t\t<\/div>\n\t\t\t\t\t<\/div>\n\t\t<\/section>\n\t\t\t\t<section class=\"elementor-section elementor-top-section elementor-element elementor-element-85dbbe6 elementor-section-boxed elementor-section-height-default elementor-section-height-default\" data-id=\"85dbbe6\" data-element_type=\"section\">\n\t\t\t\t\t\t<div class=\"elementor-container elementor-column-gap-default\">\n\t\t\t\t\t<div class=\"elementor-column elementor-col-100 elementor-top-column elementor-element elementor-element-ad0284a\" data-id=\"ad0284a\" data-element_type=\"column\">\n\t\t\t<div class=\"elementor-widget-wrap elementor-element-populated\">\n\t\t\t\t\t\t<section class=\"elementor-section elementor-inner-section elementor-element elementor-element-eed39b8 elementor-section-boxed elementor-section-height-default elementor-section-height-default\" data-id=\"eed39b8\" data-element_type=\"section\">\n\t\t\t\t\t\t<div class=\"elementor-container elementor-column-gap-default\">\n\t\t\t\t\t<div class=\"elementor-column elementor-col-100 elementor-inner-column elementor-element elementor-element-79e2507\" data-id=\"79e2507\" data-element_type=\"column\">\n\t\t\t<div class=\"elementor-widget-wrap elementor-element-populated\">\n\t\t\t\t\t\t<div class=\"elementor-element elementor-element-b7a04e4 elementor-invisible elementor-widget elementor-widget-pix-badge\" data-id=\"b7a04e4\" data-element_type=\"widget\" data-widget_type=\"pix-badge.default\">\n\t\t\t\t<div class=\"elementor-widget-container\">\n\t\t\t\t\t<div class=\"pix-element-div w-100 text-center\"><span class=\"pix-badge-element h6 d-inline-block mr-1 animate-in\" data-anim-type=\"fade-in-up\" data-anim-delay=\"300\"><span class=\"badge font-weight-bold bg-dark-opacity-1  pix-py-10 pix-px-15\" style=\" \"><span class=\"text-body-default\" style=\"\">Galeri<\/span><\/span><\/span><\/div>\t\t\t\t<\/div>\n\t\t\t\t<\/div>\n\t\t\t\t<div class=\"elementor-element elementor-element-d99e1e2 elementor-widget elementor-widget-pix-highlighted-text\" data-id=\"d99e1e2\" data-element_type=\"widget\" data-widget_type=\"pix-highlighted-text.default\">\n\t\t\t\t<div class=\"elementor-widget-container\">\n\t\t\t\t\t<div id=\"highlighted-text-109498860\" class=\"pix-highlighted-element text-center \"><div class=\"d-inline-block\" style=\"max-width:600px;\"><h2 class=\"pix-highlighted-items \" style=\"\" data-anim-type=\"\" data-anim-delay=\"\"><span id=\"highlighted-text-109498860-0\" class=\" elementor-repeater-item-d38df35\"><span class=\"pix-highlighted-text pix-highlight-item font-weight-normal  heading-font text-heading-default\">Referans<\/span><\/span><span id=\"highlighted-text-109498860-1\" class=\"pix-highlight-bg align-middle2   elementor-repeater-item-b2f5606 highlighted-text-109498860-1 animate-in\" data-anim-type=\"highlight-grow\" data-anim-delay=\"200\"><span class=\"pix-highlighted-text  pix-highlight-item font-weight-normal  font-weight-bold heading-font text-heading-default\"> \u0130\u015flerimiz<\/span><\/span><\/h2><\/div><\/div>\t\t\t\t<\/div>\n\t\t\t\t<\/div>\n\t\t\t\t\t<\/div>\n\t\t<\/div>\n\t\t\t\t\t<\/div>\n\t\t<\/section>\n\t\t\t\t<section class=\"elementor-section elementor-inner-section elementor-element elementor-element-84bf52b elementor-section-boxed elementor-section-height-default elementor-section-height-default\" data-id=\"84bf52b\" data-element_type=\"section\">\n\t\t\t\t\t\t<div class=\"elementor-container elementor-column-gap-default\">\n\t\t\t\t\t<div class=\"elementor-column elementor-col-100 elementor-inner-column elementor-element elementor-element-4d4c67f\" data-id=\"4d4c67f\" data-element_type=\"column\">\n\t\t\t<div class=\"elementor-widget-wrap elementor-element-populated\">\n\t\t\t\t\t\t<div class=\"elementor-element elementor-element-12fa5fb elementor-widget elementor-widget-pix-button\" data-id=\"12fa5fb\" data-element_type=\"widget\" data-widget_type=\"pix-button.default\">\n\t\t\t\t<div class=\"elementor-widget-container\">\n\t\t\t\t\t<div class=\"d-block w-100 text-center\"><a  href=\"https:\/\/bambudekor.com\/index.php\/iletisim\/\" class=\"btn m-0     shadow-sm btn-secondary d-inline-block pix-hover-item       pix-btn-div btn-lg\"     ><i class=\"font-weight-bold pixicon-messages-2  pix-hover-left  mr-1\"><\/i> <span class=\"font-weight-bold \" >\u0130leti\u015fim<\/span><\/a><\/div>\t\t\t\t<\/div>\n\t\t\t\t<\/div>\n\t\t\t\t\t<\/div>\n\t\t<\/div>\n\t\t\t\t\t<\/div>\n\t\t<\/section>\n\t\t\t\t\t<\/div>\n\t\t<\/div>\n\t\t\t\t\t<\/div>\n\t\t<\/section>\n\t\t\t\t<\/div>\n\t\t","protected":false},"excerpt":{"rendered":"<p>Galeri Referans \u0130\u015flerimiz \u0130leti\u015fim<\/p>\n","protected":false},"author":1,"featured_media":0,"parent":0,"menu_order":0,"comment_status":"closed","ping_status":"closed","template":"","meta":{"footnotes":""},"class_list":["post-3914","page","type-page","status-publish","hentry"],"yoast_head":"<!-- This site is optimized with the Yoast SEO plugin v25.9 - https:\/\/yoast.com\/wordpress\/plugins\/seo\/ -->\n<title>Referans \u0130\u015flerimiz - Bambu Dekor<\/title>\n<meta name=\"description\" content=\"Bambu Yap\u0131 Dekorasyon referans sayfam\u0131z\u0131 ziyaret edebilirsiniz...\" \/>\n<meta name=\"robots\" content=\"index, follow, max-snippet:-1, max-image-preview:large, max-video-preview:-1\" \/>\n<link rel=\"canonical\" href=\"https:\/\/bambudekor.com\/index.php\/islerimiz\/\" \/>\n<meta property=\"og:locale\" content=\"tr_TR\" \/>\n<meta property=\"og:type\" content=\"article\" \/>\n<meta property=\"og:title\" content=\"Referans \u0130\u015flerimiz - Bambu Dekor\" \/>\n<meta property=\"og:description\" content=\"Bambu Yap\u0131 Dekorasyon referans sayfam\u0131z\u0131 ziyaret edebilirsiniz...\" \/>\n<meta property=\"og:url\" content=\"https:\/\/bambudekor.com\/index.php\/islerimiz\/\" \/>\n<meta property=\"og:site_name\" content=\"Bambu Dekor\" \/>\n<meta property=\"article:modified_time\" content=\"2025-09-16T13:26:20+00:00\" \/>\n<meta name=\"twitter:card\" content=\"summary_large_image\" \/>\n<meta name=\"twitter:label1\" content=\"Tahmini okuma s\u00fcresi\" \/>\n\t<meta name=\"twitter:data1\" content=\"1 dakika\" \/>\n<script type=\"application\/ld+json\" class=\"yoast-schema-graph\">{\"@context\":\"https:\/\/schema.org\",\"@graph\":[{\"@type\":\"WebPage\",\"@id\":\"https:\/\/bambudekor.com\/index.php\/islerimiz\/\",\"url\":\"https:\/\/bambudekor.com\/index.php\/islerimiz\/\",\"name\":\"Referans \u0130\u015flerimiz - Bambu Dekor\",\"isPartOf\":{\"@id\":\"https:\/\/bambudekor.com\/#website\"},\"datePublished\":\"2021-04-05T23:30:40+00:00\",\"dateModified\":\"2025-09-16T13:26:20+00:00\",\"description\":\"Bambu Yap\u0131 Dekorasyon referans sayfam\u0131z\u0131 ziyaret edebilirsiniz...\",\"breadcrumb\":{\"@id\":\"https:\/\/bambudekor.com\/index.php\/islerimiz\/#breadcrumb\"},\"inLanguage\":\"tr\",\"potentialAction\":[{\"@type\":\"ReadAction\",\"target\":[\"https:\/\/bambudekor.com\/index.php\/islerimiz\/\"]}]},{\"@type\":\"BreadcrumbList\",\"@id\":\"https:\/\/bambudekor.com\/index.php\/islerimiz\/#breadcrumb\",\"itemListElement\":[{\"@type\":\"ListItem\",\"position\":1,\"name\":\"Anasayfa\",\"item\":\"https:\/\/bambudekor.com\/\"},{\"@type\":\"ListItem\",\"position\":2,\"name\":\"Referans \u0130\u015flerimiz\"}]},{\"@type\":\"WebSite\",\"@id\":\"https:\/\/bambudekor.com\/#website\",\"url\":\"https:\/\/bambudekor.com\/\",\"name\":\"Bambu Dekor\",\"description\":\"\",\"potentialAction\":[{\"@type\":\"SearchAction\",\"target\":{\"@type\":\"EntryPoint\",\"urlTemplate\":\"https:\/\/bambudekor.com\/?s={search_term_string}\"},\"query-input\":{\"@type\":\"PropertyValueSpecification\",\"valueRequired\":true,\"valueName\":\"search_term_string\"}}],\"inLanguage\":\"tr\"}]}<\/script>\n<!-- \/ Yoast SEO plugin. -->","yoast_head_json":{"title":"Referans \u0130\u015flerimiz - Bambu Dekor","description":"Bambu Yap\u0131 Dekorasyon referans sayfam\u0131z\u0131 ziyaret edebilirsiniz...","robots":{"index":"index","follow":"follow","max-snippet":"max-snippet:-1","max-image-preview":"max-image-preview:large","max-video-preview":"max-video-preview:-1"},"canonical":"https:\/\/bambudekor.com\/index.php\/islerimiz\/","og_locale":"tr_TR","og_type":"article","og_title":"Referans \u0130\u015flerimiz - Bambu Dekor","og_description":"Bambu Yap\u0131 Dekorasyon referans sayfam\u0131z\u0131 ziyaret edebilirsiniz...","og_url":"https:\/\/bambudekor.com\/index.php\/islerimiz\/","og_site_name":"Bambu Dekor","article_modified_time":"2025-09-16T13:26:20+00:00","twitter_card":"summary_large_image","twitter_misc":{"Tahmini okuma s\u00fcresi":"1 dakika"},"schema":{"@context":"https:\/\/schema.org","@graph":[{"@type":"WebPage","@id":"https:\/\/bambudekor.com\/index.php\/islerimiz\/","url":"https:\/\/bambudekor.com\/index.php\/islerimiz\/","name":"Referans \u0130\u015flerimiz - Bambu Dekor","isPartOf":{"@id":"https:\/\/bambudekor.com\/#website"},"datePublished":"2021-04-05T23:30:40+00:00","dateModified":"2025-09-16T13:26:20+00:00","description":"Bambu Yap\u0131 Dekorasyon referans sayfam\u0131z\u0131 ziyaret edebilirsiniz...","breadcrumb":{"@id":"https:\/\/bambudekor.com\/index.php\/islerimiz\/#breadcrumb"},"inLanguage":"tr","potentialAction":[{"@type":"ReadAction","target":["https:\/\/bambudekor.com\/index.php\/islerimiz\/"]}]},{"@type":"BreadcrumbList","@id":"https:\/\/bambudekor.com\/index.php\/islerimiz\/#breadcrumb","itemListElement":[{"@type":"ListItem","position":1,"name":"Anasayfa","item":"https:\/\/bambudekor.com\/"},{"@type":"ListItem","position":2,"name":"Referans \u0130\u015flerimiz"}]},{"@type":"WebSite","@id":"https:\/\/bambudekor.com\/#website","url":"https:\/\/bambudekor.com\/","name":"Bambu Dekor","description":"","potentialAction":[{"@type":"SearchAction","target":{"@type":"EntryPoint","urlTemplate":"https:\/\/bambudekor.com\/?s={search_term_string}"},"query-input":{"@type":"PropertyValueSpecification","valueRequired":true,"valueName":"search_term_string"}}],"inLanguage":"tr"}]}},"_links":{"self":[{"href":"https:\/\/bambudekor.com\/index.php\/wp-json\/wp\/v2\/pages\/3914","targetHints":{"allow":["GET"]}}],"collection":[{"href":"https:\/\/bambudekor.com\/index.php\/wp-json\/wp\/v2\/pages"}],"about":[{"href":"https:\/\/bambudekor.com\/index.php\/wp-json\/wp\/v2\/types\/page"}],"author":[{"embeddable":true,"href":"https:\/\/bambudekor.com\/index.php\/wp-json\/wp\/v2\/users\/1"}],"replies":[{"embeddable":true,"href":"https:\/\/bambudekor.com\/index.php\/wp-json\/wp\/v2\/comments?post=3914"}],"version-history":[{"count":8,"href":"https:\/\/bambudekor.com\/index.php\/wp-json\/wp\/v2\/pages\/3914\/revisions"}],"predecessor-version":[{"id":4375,"href":"https:\/\/bambudekor.com\/index.php\/wp-json\/wp\/v2\/pages\/3914\/revisions\/4375"}],"wp:attachment":[{"href":"https:\/\/bambudekor.com\/index.php\/wp-json\/wp\/v2\/media?parent=3914"}],"curies":[{"name":"wp","href":"https:\/\/api.w.org\/{rel}","templated":true}]}}