{"id":4222,"date":"2021-04-10T22:48:00","date_gmt":"2021-04-10T22:48:00","guid":{"rendered":"https:\/\/essentials.pixfort.com\/company-elementor\/?page_id=4222"},"modified":"2025-09-16T16:24:29","modified_gmt":"2025-09-16T13:24:29","slug":"hakkimizda","status":"publish","type":"page","link":"https:\/\/bambudekor.com\/index.php\/hakkimizda\/","title":{"rendered":"Hakk\u0131m\u0131zda"},"content":{"rendered":"\t\t<div data-elementor-type=\"wp-page\" data-elementor-id=\"4222\" class=\"elementor elementor-4222\" data-elementor-post-type=\"page\">\n\t\t\t\t\t\t<section class=\"elementor-section elementor-top-section elementor-element elementor-element-8f8cbf2 elementor-section-boxed elementor-section-height-default elementor-section-height-default\" data-id=\"8f8cbf2\" data-element_type=\"section\" data-settings=\"{&quot;background_background&quot;:&quot;classic&quot;}\">\n\t\t\t\t\t\t<div class=\"elementor-container elementor-column-gap-default\">\n\t\t\t\t\t<div class=\"elementor-column elementor-col-50 elementor-top-column elementor-element elementor-element-d3c7260\" data-id=\"d3c7260\" data-element_type=\"column\">\n\t\t\t<div class=\"elementor-widget-wrap elementor-element-populated\">\n\t\t\t\t\t\t<div class=\"elementor-element elementor-element-eaf5efd elementor-widget elementor-widget-pix-badge\" data-id=\"eaf5efd\" data-element_type=\"widget\" data-widget_type=\"pix-badge.default\">\n\t\t\t\t<div class=\"elementor-widget-container\">\n\t\t\t\t\t<span class=\"pix-badge-element h6 d-inline-block mr-1 \"  ><span class=\"badge font-weight-bold secondary-font bg-gradient-primary-light  pix-py-10 pix-px-15\" style=\" \"><span class=\"text-gradient-primary\" style=\"\">Hakk\u0131m\u0131zda<\/span><\/span><\/span>\t\t\t\t<\/div>\n\t\t\t\t<\/div>\n\t\t\t\t<div class=\"elementor-element elementor-element-fc7eeb4 elementor-widget elementor-widget-pix-highlighted-text\" data-id=\"fc7eeb4\" data-element_type=\"widget\" data-widget_type=\"pix-highlighted-text.default\">\n\t\t\t\t<div class=\"elementor-widget-container\">\n\t\t\t\t\t<div id=\"highlighted-text-160394954\" class=\"pix-highlighted-element text-left \"><h2 class=\"pix-highlighted-items \" style=\"\" data-anim-type=\"\" data-anim-delay=\"\"><span id=\"highlighted-text-160394954-0\" class=\" elementor-repeater-item-d38df35\"><span class=\"pix-highlighted-text pix-highlight-item font-weight-normal  heading-font text-heading-default\">Bambu <\/span><\/span><span id=\"highlighted-text-160394954-1\" class=\"pix-highlight-bg align-middle2   elementor-repeater-item-b2f5606 highlighted-text-160394954-1 animate-in\" data-anim-type=\"highlight-grow\" data-anim-delay=\"200\"><span class=\"pix-highlighted-text  pix-highlight-item font-weight-normal  font-weight-bold heading-font text-heading-default\">Yap\u0131 <\/span><\/span><span id=\"highlighted-text-160394954-2\" class=\" elementor-repeater-item-3d6442b\"><span class=\"pix-highlighted-text pix-highlight-item font-weight-normal  heading-font text-heading-default\">Dekorasyon<\/span><\/span><\/h2><\/div>\t\t\t\t<\/div>\n\t\t\t\t<\/div>\n\t\t\t\t<div class=\"elementor-element elementor-element-7ecfeaa elementor-widget elementor-widget-pix-text\" data-id=\"7ecfeaa\" data-element_type=\"widget\" data-widget_type=\"pix-text.default\">\n\t\t\t\t<div class=\"elementor-widget-container\">\n\t\t\t\t\t<div class=\"pix-el-text w-100 text-left \" ><p class=\"text-20 resp-option text-dark-opacity-5 text-left \" >Bambu Yap\u0131 Dekorasyon olarak ya\u015fam alanlar\u0131n\u0131za de\u011fer katmay\u0131 ama\u00e7l\u0131yoruz. Profesyonel ekibimizle ev tadilat\u0131ndan i\u00e7 mekan tasar\u0131m\u0131na, boya-badana i\u015flerinden anahtar teslim projelere kadar geni\u015f bir yelpazede hizmet sunuyoruz.<\/p><\/div>\t\t\t\t<\/div>\n\t\t\t\t<\/div>\n\t\t\t\t\t<\/div>\n\t\t<\/div>\n\t\t\t\t<div class=\"elementor-column elementor-col-50 elementor-top-column elementor-element elementor-element-a26110f\" data-id=\"a26110f\" data-element_type=\"column\">\n\t\t\t<div class=\"elementor-widget-wrap elementor-element-populated\">\n\t\t\t\t\t\t<div class=\"elementor-element elementor-element-d95372e elementor-invisible elementor-widget elementor-widget-pix-photo-stack\" data-id=\"d95372e\" data-element_type=\"widget\" data-widget_type=\"pix-photo-stack.default\">\n\t\t\t\t<div class=\"elementor-widget-container\">\n\t\t\t\t\t<div class=\"pix-photo-stack pix-img-2 \"><div class=\"img-el\" ><div class=\"w-100 pix-bounce-sm pix-duration-slow\"><div class=\"animate-in d-inline-block w-100\" data-anim-type=\"fade-in-up\" data-anim-delay=\"400\"><div class=\"tilt\"><img loading=\"lazy\" decoding=\"async\" width=\"2560\" height=\"1707\" class=\"pix-lazy rounded-lg shadow-lg shadow-hover-lg scale-sm d-inline-block\" loading=\"lazy\" data-srcset=\"https:\/\/bambudekor.com\/wp-content\/uploads\/2025\/09\/hakkimizda-3-300x200.jpg 300w, https:\/\/bambudekor.com\/wp-content\/uploads\/2025\/09\/hakkimizda-3-1024x683.jpg 1024w, https:\/\/bambudekor.com\/wp-content\/uploads\/2025\/09\/hakkimizda-3-768x512.jpg 768w, https:\/\/bambudekor.com\/wp-content\/uploads\/2025\/09\/hakkimizda-3-1536x1024.jpg 1536w, https:\/\/bambudekor.com\/wp-content\/uploads\/2025\/09\/hakkimizda-3-2048x1365.jpg 2048w\" src=\"https:\/\/bambudekor.com\/wp-content\/plugins\/pixfort-core\/functions\/images\/loading.webp\" data-src=\"https:\/\/bambudekor.com\/wp-content\/uploads\/2025\/09\/hakkimizda-3-scaled.jpg\" alt=\"Stack\" \/><\/div><\/div><\/div><\/div><div class=\"img-el\" ><div class=\"w-100 pix-bounce-sm pix-duration-slow\"><div class=\"animate-in d-inline-block w-100\" data-anim-type=\"fade-in-up\" data-anim-delay=\"500\"><div class=\"tilt\"><img loading=\"lazy\" decoding=\"async\" width=\"2560\" height=\"1707\" class=\"pix-lazy rounded-lg shadow-lg shadow-hover-lg scale-sm d-inline-block\" loading=\"lazy\" data-srcset=\"https:\/\/bambudekor.com\/wp-content\/uploads\/2025\/09\/hakkimizda-2-300x200.jpg 300w, https:\/\/bambudekor.com\/wp-content\/uploads\/2025\/09\/hakkimizda-2-1024x683.jpg 1024w, https:\/\/bambudekor.com\/wp-content\/uploads\/2025\/09\/hakkimizda-2-768x512.jpg 768w, https:\/\/bambudekor.com\/wp-content\/uploads\/2025\/09\/hakkimizda-2-1536x1024.jpg 1536w, https:\/\/bambudekor.com\/wp-content\/uploads\/2025\/09\/hakkimizda-2-2048x1365.jpg 2048w\" src=\"https:\/\/bambudekor.com\/wp-content\/plugins\/pixfort-core\/functions\/images\/loading.webp\" data-src=\"https:\/\/bambudekor.com\/wp-content\/uploads\/2025\/09\/hakkimizda-2-scaled.jpg\" alt=\"Stack\" \/><\/div><\/div><\/div><\/div><\/div>\t\t\t\t<\/div>\n\t\t\t\t<\/div>\n\t\t\t\t\t<\/div>\n\t\t<\/div>\n\t\t\t\t\t<\/div>\n\t\t<\/section>\n\t\t\t\t<section class=\"elementor-section elementor-top-section elementor-element elementor-element-1a8c33f elementor-section-full_width elementor-section-height-default elementor-section-height-default\" data-id=\"1a8c33f\" data-element_type=\"section\">\n\t\t\t\t\t\t<div class=\"elementor-container elementor-column-gap-no\">\n\t\t\t\t\t<div class=\"elementor-column elementor-col-100 elementor-top-column elementor-element elementor-element-24b945c\" data-id=\"24b945c\" data-element_type=\"column\">\n\t\t\t<div class=\"elementor-widget-wrap elementor-element-populated\">\n\t\t\t\t\t\t<div class=\"elementor-element elementor-element-418ddcf elementor-widget elementor-widget-pix-dividers\" data-id=\"418ddcf\" data-element_type=\"widget\" data-widget_type=\"pix-dividers.default\">\n\t\t\t\t<div class=\"elementor-widget-container\">\n\t\t\t\t\t<div class=\"pix-divider  position-relative pix-bottom-divider\" data-style=\"style-8\" ><svg xmlns=\"http:\/\/www.w3.org\/2000\/svg\" width=\"100%\" height=\"300px\" viewBox=\"0 0 1200 366\" preserveAspectRatio=\"none\"><polygon fill=\"url(#divider-pix-accordion-752604-bottom-overlay-layer-3)\" points=\"0 240 1200 0 1200 366 0 366\" \/><polygon fill=\"url(#divider-pix-accordion-752604-bottom-overlay-layer-2)\" points=\"0 300 1200 60 1200 366 0 366\"  \/><polygon fill=\"#ffffff\" points=\"0 360 1200 120 1200 366 0 366\"\/><defs><linearGradient id=\"divider-pix-accordion-752604-bottom-overlay-layer-3\" x1=\"0%\" y1=\"0%\" x2=\"100%\" y2=\"0%\"><stop offset=\"0%\"   stop-color=\"#00000014\"\/><stop offset=\"100%\"   stop-color=\"#FFFFFF03\"\/><\/linearGradient><linearGradient id=\"divider-pix-accordion-752604-bottom-overlay-layer-2\" x1=\"0%\" y1=\"0%\" x2=\"100%\" y2=\"0%\"><stop offset=\"0%\"   stop-color=\"#FFFFFF03\"\/><stop offset=\"100%\"   stop-color=\"#FFFFFF03\"\/><\/linearGradient><\/defs><\/svg><\/div>\t\t\t\t<\/div>\n\t\t\t\t<\/div>\n\t\t\t\t\t<\/div>\n\t\t<\/div>\n\t\t\t\t\t<\/div>\n\t\t<\/section>\n\t\t\t\t<section class=\"elementor-section elementor-top-section elementor-element elementor-element-26d4f46 elementor-section-boxed elementor-section-height-default elementor-section-height-default\" data-id=\"26d4f46\" data-element_type=\"section\">\n\t\t\t\t\t\t<div class=\"elementor-container elementor-column-gap-default\">\n\t\t\t\t\t<div class=\"elementor-column elementor-col-50 elementor-top-column elementor-element elementor-element-b180d2e\" data-id=\"b180d2e\" data-element_type=\"column\">\n\t\t\t<div class=\"elementor-widget-wrap elementor-element-populated\">\n\t\t\t\t\t\t<div class=\"elementor-element elementor-element-f4d7fe9 elementor-invisible elementor-widget elementor-widget-pix-text\" data-id=\"f4d7fe9\" data-element_type=\"widget\" data-widget_type=\"pix-text.default\">\n\t\t\t\t<div class=\"elementor-widget-container\">\n\t\t\t\t\t<div class=\"pix-el-text w-100 text-left \" ><p class=\"resp-option text-left \"><div class=\" animate-in d-inline-block\" data-anim-delay=\"200\" data-anim-type=\"fade-in-up\"><p data-start=\"1118\" data-end=\"1341\">M\u00fc\u015fteri memnuniyetini \u00f6n planda tutarak her projede kaliteyi, esteti\u011fi ve i\u015flevselli\u011fi bir araya getiriyoruz. Yarat\u0131c\u0131 \u00e7\u00f6z\u00fcmlerimiz ve deneyimimiz sayesinde evinizi ya da i\u015f yerinizi hayalinizdeki g\u00f6r\u00fcn\u00fcme kavu\u015fturuyoruz.<\/p><p data-start=\"1343\" data-end=\"1597\">Sakarya merkezli firmam\u0131z, k\u00fc\u00e7\u00fck dokunu\u015flardan kapsaml\u0131 projelere kadar her \u00f6l\u00e7ekte g\u00fcvenilir hizmet vermektedir. Bambu Yap\u0131 Dekorasyon olarak, \u201ckaliteli i\u015f\u00e7ilik ve do\u011fru planlama\u201d ilkesiyle \u00e7al\u0131\u015f\u0131yor, her projeyi kendi evimiz gibi \u00f6zenle ele al\u0131yoruz.<\/p><\/div><\/p><\/div>\t\t\t\t<\/div>\n\t\t\t\t<\/div>\n\t\t\t\t<div class=\"elementor-element elementor-element-7d85e75 elementor-widget elementor-widget-pix-button\" data-id=\"7d85e75\" data-element_type=\"widget\" data-widget_type=\"pix-button.default\">\n\t\t\t\t<div class=\"elementor-widget-container\">\n\t\t\t\t\t<a  href=\"https:\/\/bambudekor.com\/index.php\/iletisim\/\" class=\"btn m-0     shadow-sm btn-secondary d-inline-block pix-hover-item       btn-lg\"     ><i class=\"font-weight-bold pixicon-phone  pix-hover-left  mr-1\"><\/i> <span class=\"font-weight-bold \" >\u0130leti\u015fim<\/span><\/a>\t\t\t\t<\/div>\n\t\t\t\t<\/div>\n\t\t\t\t\t<\/div>\n\t\t<\/div>\n\t\t\t\t<div class=\"elementor-column elementor-col-50 elementor-top-column elementor-element elementor-element-8c38ac3\" data-id=\"8c38ac3\" data-element_type=\"column\">\n\t\t\t<div class=\"elementor-widget-wrap elementor-element-populated\">\n\t\t\t\t\t\t<div class=\"elementor-element elementor-element-e3a3fd2 elementor-widget elementor-widget-pix-img\" data-id=\"e3a3fd2\" data-element_type=\"widget\" data-widget_type=\"pix-img.default\">\n\t\t\t\t<div class=\"elementor-widget-container\">\n\t\t\t\t\t<div class=\"d-inline-block \" ><div class=\"pix-img-el    shadow-lg shadow-hover-lg scale-sm text-center d-inline-block  w-100 rounded-10\"  data-jarallax-element=\"25 0\" data-xaxis=\"25\" data-yaxis=\"0\"><img fetchpriority=\"high\" decoding=\"async\" class=\"card-img2 pix-img-elem rounded-10  h-1002\" style=\"height:auto;\" width=\"2560\" height=\"1709\" srcset=\"https:\/\/bambudekor.com\/wp-content\/uploads\/2025\/09\/hakkimizda-1-scaled.jpg 2560w, https:\/\/bambudekor.com\/wp-content\/uploads\/2025\/09\/hakkimizda-1-300x200.jpg 300w, https:\/\/bambudekor.com\/wp-content\/uploads\/2025\/09\/hakkimizda-1-1024x683.jpg 1024w, https:\/\/bambudekor.com\/wp-content\/uploads\/2025\/09\/hakkimizda-1-768x513.jpg 768w, https:\/\/bambudekor.com\/wp-content\/uploads\/2025\/09\/hakkimizda-1-1536x1025.jpg 1536w, https:\/\/bambudekor.com\/wp-content\/uploads\/2025\/09\/hakkimizda-1-2048x1367.jpg 2048w\" sizes=\"(max-width: 2560px) 100vw, 2560px\" src=\"https:\/\/bambudekor.com\/wp-content\/uploads\/2025\/09\/hakkimizda-1-scaled.jpg\" alt=\"Image\" \/><\/div><\/div>\t\t\t\t<\/div>\n\t\t\t\t<\/div>\n\t\t\t\t\t<\/div>\n\t\t<\/div>\n\t\t\t\t\t<\/div>\n\t\t<\/section>\n\t\t\t\t<\/div>\n\t\t","protected":false},"excerpt":{"rendered":"<p>Hakk\u0131m\u0131zda Bambu Yap\u0131 Dekorasyon Bambu Yap\u0131 Dekorasyon olarak ya\u015fam alanlar\u0131n\u0131za de\u011fer katmay\u0131 ama\u00e7l\u0131yoruz. Profesyonel ekibimizle ev tadilat\u0131ndan i\u00e7 mekan tasar\u0131m\u0131na, boya-badana i\u015flerinden anahtar teslim projelere kadar geni\u015f bir yelpazede hizmet sunuyoruz. M\u00fc\u015fteri memnuniyetini \u00f6n planda tutarak her projede kaliteyi, esteti\u011fi&#8230;<\/p>\n","protected":false},"author":1,"featured_media":0,"parent":0,"menu_order":0,"comment_status":"closed","ping_status":"closed","template":"","meta":{"footnotes":""},"class_list":["post-4222","page","type-page","status-publish","hentry"],"yoast_head":"<!-- This site is optimized with the Yoast SEO plugin v25.9 - https:\/\/yoast.com\/wordpress\/plugins\/seo\/ -->\n<title>Hakk\u0131m\u0131zda - Bambu Dekor<\/title>\n<meta name=\"description\" content=\"Bambu Yap\u0131 Dekorasyon, estetik ve i\u015flevsel ya\u015fam alanlar\u0131 sunar. Sakarya\u2019da ev tadilat\u0131, i\u00e7 mekan tasar\u0131m\u0131 ve dekorasyon projelerinde g\u00fcvenilir adres.\" \/>\n<meta name=\"robots\" content=\"index, follow, max-snippet:-1, max-image-preview:large, max-video-preview:-1\" \/>\n<link rel=\"canonical\" href=\"https:\/\/bambudekor.com\/index.php\/hakkimizda\/\" \/>\n<meta property=\"og:locale\" content=\"tr_TR\" \/>\n<meta property=\"og:type\" content=\"article\" \/>\n<meta property=\"og:title\" content=\"Hakk\u0131m\u0131zda - Bambu Dekor\" \/>\n<meta property=\"og:description\" content=\"Bambu Yap\u0131 Dekorasyon, estetik ve i\u015flevsel ya\u015fam alanlar\u0131 sunar. Sakarya\u2019da ev tadilat\u0131, i\u00e7 mekan tasar\u0131m\u0131 ve dekorasyon projelerinde g\u00fcvenilir adres.\" \/>\n<meta property=\"og:url\" content=\"https:\/\/bambudekor.com\/index.php\/hakkimizda\/\" \/>\n<meta property=\"og:site_name\" content=\"Bambu Dekor\" \/>\n<meta property=\"article:modified_time\" content=\"2025-09-16T13:24:29+00:00\" \/>\n<meta property=\"og:image\" content=\"https:\/\/bambudekor.com\/wp-content\/plugins\/pixfort-core\/functions\/images\/loading.webp\" \/>\n<meta name=\"twitter:card\" content=\"summary_large_image\" \/>\n<meta name=\"twitter:label1\" content=\"Tahmini okuma s\u00fcresi\" \/>\n\t<meta name=\"twitter:data1\" content=\"2 dakika\" \/>\n<script type=\"application\/ld+json\" class=\"yoast-schema-graph\">{\"@context\":\"https:\/\/schema.org\",\"@graph\":[{\"@type\":\"WebPage\",\"@id\":\"https:\/\/bambudekor.com\/index.php\/hakkimizda\/\",\"url\":\"https:\/\/bambudekor.com\/index.php\/hakkimizda\/\",\"name\":\"Hakk\u0131m\u0131zda - Bambu Dekor\",\"isPartOf\":{\"@id\":\"https:\/\/bambudekor.com\/#website\"},\"primaryImageOfPage\":{\"@id\":\"https:\/\/bambudekor.com\/index.php\/hakkimizda\/#primaryimage\"},\"image\":{\"@id\":\"https:\/\/bambudekor.com\/index.php\/hakkimizda\/#primaryimage\"},\"thumbnailUrl\":\"https:\/\/bambudekor.com\/wp-content\/plugins\/pixfort-core\/functions\/images\/loading.webp\",\"datePublished\":\"2021-04-10T22:48:00+00:00\",\"dateModified\":\"2025-09-16T13:24:29+00:00\",\"description\":\"Bambu Yap\u0131 Dekorasyon, estetik ve i\u015flevsel ya\u015fam alanlar\u0131 sunar. Sakarya\u2019da ev tadilat\u0131, i\u00e7 mekan tasar\u0131m\u0131 ve dekorasyon projelerinde g\u00fcvenilir adres.\",\"breadcrumb\":{\"@id\":\"https:\/\/bambudekor.com\/index.php\/hakkimizda\/#breadcrumb\"},\"inLanguage\":\"tr\",\"potentialAction\":[{\"@type\":\"ReadAction\",\"target\":[\"https:\/\/bambudekor.com\/index.php\/hakkimizda\/\"]}]},{\"@type\":\"ImageObject\",\"inLanguage\":\"tr\",\"@id\":\"https:\/\/bambudekor.com\/index.php\/hakkimizda\/#primaryimage\",\"url\":\"https:\/\/bambudekor.com\/wp-content\/plugins\/pixfort-core\/functions\/images\/loading.webp\",\"contentUrl\":\"https:\/\/bambudekor.com\/wp-content\/plugins\/pixfort-core\/functions\/images\/loading.webp\"},{\"@type\":\"BreadcrumbList\",\"@id\":\"https:\/\/bambudekor.com\/index.php\/hakkimizda\/#breadcrumb\",\"itemListElement\":[{\"@type\":\"ListItem\",\"position\":1,\"name\":\"Anasayfa\",\"item\":\"https:\/\/bambudekor.com\/\"},{\"@type\":\"ListItem\",\"position\":2,\"name\":\"Hakk\u0131m\u0131zda\"}]},{\"@type\":\"WebSite\",\"@id\":\"https:\/\/bambudekor.com\/#website\",\"url\":\"https:\/\/bambudekor.com\/\",\"name\":\"Bambu Dekor\",\"description\":\"\",\"potentialAction\":[{\"@type\":\"SearchAction\",\"target\":{\"@type\":\"EntryPoint\",\"urlTemplate\":\"https:\/\/bambudekor.com\/?s={search_term_string}\"},\"query-input\":{\"@type\":\"PropertyValueSpecification\",\"valueRequired\":true,\"valueName\":\"search_term_string\"}}],\"inLanguage\":\"tr\"}]}<\/script>\n<!-- \/ Yoast SEO plugin. -->","yoast_head_json":{"title":"Hakk\u0131m\u0131zda - Bambu Dekor","description":"Bambu Yap\u0131 Dekorasyon, estetik ve i\u015flevsel ya\u015fam alanlar\u0131 sunar. Sakarya\u2019da ev tadilat\u0131, i\u00e7 mekan tasar\u0131m\u0131 ve dekorasyon projelerinde g\u00fcvenilir adres.","robots":{"index":"index","follow":"follow","max-snippet":"max-snippet:-1","max-image-preview":"max-image-preview:large","max-video-preview":"max-video-preview:-1"},"canonical":"https:\/\/bambudekor.com\/index.php\/hakkimizda\/","og_locale":"tr_TR","og_type":"article","og_title":"Hakk\u0131m\u0131zda - Bambu Dekor","og_description":"Bambu Yap\u0131 Dekorasyon, estetik ve i\u015flevsel ya\u015fam alanlar\u0131 sunar. Sakarya\u2019da ev tadilat\u0131, i\u00e7 mekan tasar\u0131m\u0131 ve dekorasyon projelerinde g\u00fcvenilir adres.","og_url":"https:\/\/bambudekor.com\/index.php\/hakkimizda\/","og_site_name":"Bambu Dekor","article_modified_time":"2025-09-16T13:24:29+00:00","og_image":[{"url":"https:\/\/bambudekor.com\/wp-content\/plugins\/pixfort-core\/functions\/images\/loading.webp","type":"","width":"","height":""}],"twitter_card":"summary_large_image","twitter_misc":{"Tahmini okuma s\u00fcresi":"2 dakika"},"schema":{"@context":"https:\/\/schema.org","@graph":[{"@type":"WebPage","@id":"https:\/\/bambudekor.com\/index.php\/hakkimizda\/","url":"https:\/\/bambudekor.com\/index.php\/hakkimizda\/","name":"Hakk\u0131m\u0131zda - Bambu Dekor","isPartOf":{"@id":"https:\/\/bambudekor.com\/#website"},"primaryImageOfPage":{"@id":"https:\/\/bambudekor.com\/index.php\/hakkimizda\/#primaryimage"},"image":{"@id":"https:\/\/bambudekor.com\/index.php\/hakkimizda\/#primaryimage"},"thumbnailUrl":"https:\/\/bambudekor.com\/wp-content\/plugins\/pixfort-core\/functions\/images\/loading.webp","datePublished":"2021-04-10T22:48:00+00:00","dateModified":"2025-09-16T13:24:29+00:00","description":"Bambu Yap\u0131 Dekorasyon, estetik ve i\u015flevsel ya\u015fam alanlar\u0131 sunar. Sakarya\u2019da ev tadilat\u0131, i\u00e7 mekan tasar\u0131m\u0131 ve dekorasyon projelerinde g\u00fcvenilir adres.","breadcrumb":{"@id":"https:\/\/bambudekor.com\/index.php\/hakkimizda\/#breadcrumb"},"inLanguage":"tr","potentialAction":[{"@type":"ReadAction","target":["https:\/\/bambudekor.com\/index.php\/hakkimizda\/"]}]},{"@type":"ImageObject","inLanguage":"tr","@id":"https:\/\/bambudekor.com\/index.php\/hakkimizda\/#primaryimage","url":"https:\/\/bambudekor.com\/wp-content\/plugins\/pixfort-core\/functions\/images\/loading.webp","contentUrl":"https:\/\/bambudekor.com\/wp-content\/plugins\/pixfort-core\/functions\/images\/loading.webp"},{"@type":"BreadcrumbList","@id":"https:\/\/bambudekor.com\/index.php\/hakkimizda\/#breadcrumb","itemListElement":[{"@type":"ListItem","position":1,"name":"Anasayfa","item":"https:\/\/bambudekor.com\/"},{"@type":"ListItem","position":2,"name":"Hakk\u0131m\u0131zda"}]},{"@type":"WebSite","@id":"https:\/\/bambudekor.com\/#website","url":"https:\/\/bambudekor.com\/","name":"Bambu Dekor","description":"","potentialAction":[{"@type":"SearchAction","target":{"@type":"EntryPoint","urlTemplate":"https:\/\/bambudekor.com\/?s={search_term_string}"},"query-input":{"@type":"PropertyValueSpecification","valueRequired":true,"valueName":"search_term_string"}}],"inLanguage":"tr"}]}},"_links":{"self":[{"href":"https:\/\/bambudekor.com\/index.php\/wp-json\/wp\/v2\/pages\/4222","targetHints":{"allow":["GET"]}}],"collection":[{"href":"https:\/\/bambudekor.com\/index.php\/wp-json\/wp\/v2\/pages"}],"about":[{"href":"https:\/\/bambudekor.com\/index.php\/wp-json\/wp\/v2\/types\/page"}],"author":[{"embeddable":true,"href":"https:\/\/bambudekor.com\/index.php\/wp-json\/wp\/v2\/users\/1"}],"replies":[{"embeddable":true,"href":"https:\/\/bambudekor.com\/index.php\/wp-json\/wp\/v2\/comments?post=4222"}],"version-history":[{"count":11,"href":"https:\/\/bambudekor.com\/index.php\/wp-json\/wp\/v2\/pages\/4222\/revisions"}],"predecessor-version":[{"id":4403,"href":"https:\/\/bambudekor.com\/index.php\/wp-json\/wp\/v2\/pages\/4222\/revisions\/4403"}],"wp:attachment":[{"href":"https:\/\/bambudekor.com\/index.php\/wp-json\/wp\/v2\/media?parent=4222"}],"curies":[{"name":"wp","href":"https:\/\/api.w.org\/{rel}","templated":true}]}}