{"id":4437,"date":"2025-09-16T13:43:49","date_gmt":"2025-09-16T10:43:49","guid":{"rendered":"https:\/\/bambudekor.com\/?page_id=4437"},"modified":"2025-09-16T16:25:01","modified_gmt":"2025-09-16T13:25:01","slug":"boya-badana-ve-tamirat-cozumleri","status":"publish","type":"page","link":"https:\/\/bambudekor.com\/index.php\/boya-badana-ve-tamirat-cozumleri\/","title":{"rendered":"Boya, Badana ve Tamirat \u00c7\u00f6z\u00fcmleri"},"content":{"rendered":"\t\t<div data-elementor-type=\"wp-page\" data-elementor-id=\"4437\" class=\"elementor elementor-4437\" data-elementor-post-type=\"page\">\n\t\t\t\t\t\t<section class=\"elementor-section elementor-top-section elementor-element elementor-element-9bd9cef bg-secondary-light elementor-section-boxed elementor-section-height-default elementor-section-height-default\" data-id=\"9bd9cef\" data-element_type=\"section\">\n\t\t\t\t\t\t<div class=\"elementor-container elementor-column-gap-default\">\n\t\t\t\t\t<div class=\"elementor-column elementor-col-50 elementor-top-column elementor-element elementor-element-804a914\" data-id=\"804a914\" data-element_type=\"column\">\n\t\t\t<div class=\"elementor-widget-wrap elementor-element-populated\">\n\t\t\t\t\t\t<div class=\"elementor-element elementor-element-afb4196 elementor-widget elementor-widget-pix-highlighted-text\" data-id=\"afb4196\" data-element_type=\"widget\" data-widget_type=\"pix-highlighted-text.default\">\n\t\t\t\t<div class=\"elementor-widget-container\">\n\t\t\t\t\t<div id=\"highlighted-text-122630612\" class=\"pix-highlighted-element text-left \"><h2 class=\"pix-highlighted-items \" style=\"\" data-anim-type=\"\" data-anim-delay=\"\"><span id=\"highlighted-text-122630612-0\" class=\" elementor-repeater-item-d38df35\"><span class=\"pix-highlighted-text pix-highlight-item font-weight-normal  heading-font text-heading-default\">Usta \u0130\u015f\u00e7ilikle Boya, Badana ve Tamirat \u00c7\u00f6z\u00fcmleri<\/span><\/span><\/h2><\/div>\t\t\t\t<\/div>\n\t\t\t\t<\/div>\n\t\t\t\t<div class=\"elementor-element elementor-element-3ccf8c2 elementor-widget elementor-widget-pix-text\" data-id=\"3ccf8c2\" data-element_type=\"widget\" data-widget_type=\"pix-text.default\">\n\t\t\t\t<div class=\"elementor-widget-container\">\n\t\t\t\t\t<div class=\"pix-el-text w-100 text-left \" ><p class=\"resp-option text-left \"><p data-start=\"507\" data-end=\"552\"><strong data-start=\"507\" data-end=\"550\">Mek\u00e2nlar\u0131n\u0131za Ferahl\u0131k ve Yenilik Kat\u0131n<\/strong><\/p><p data-start=\"554\" data-end=\"814\">Bambu Yap\u0131 Dekorasyon olarak, ev ve i\u015f yerlerinize estetik bir g\u00f6r\u00fcn\u00fcm kazand\u0131rmak i\u00e7in profesyonel boya, badana ve tamirat hizmetleri sunuyoruz. Alan\u0131nda uzman ekibimiz, kaliteli malzeme ve usta i\u015f\u00e7ilikle ya\u015fam alanlar\u0131n\u0131za taptaze bir g\u00f6r\u00fcn\u00fcm kazand\u0131r\u0131yor.<\/p><\/p><\/div>\t\t\t\t<\/div>\n\t\t\t\t<\/div>\n\t\t\t\t<div class=\"elementor-element elementor-element-c00c8aa elementor-widget__width-auto elementor-widget elementor-widget-pix-button\" data-id=\"c00c8aa\" data-element_type=\"widget\" data-widget_type=\"pix-button.default\">\n\t\t\t\t<div class=\"elementor-widget-container\">\n\t\t\t\t\t<a  href=\"https:\/\/bambudekor.com\/index.php\/hakkimizda\/\" class=\"btn m-0     shadow-sm btn-secondary d-inline-block pix-hover-item       btn-lg\"     ><i class=\"font-weight-bold pixicon-bars-menu  pix-hover-left  mr-1\"><\/i> <span class=\"font-weight-bold \" >Biz Kimiz<\/span><\/a>\t\t\t\t<\/div>\n\t\t\t\t<\/div>\n\t\t\t\t<div class=\"elementor-element elementor-element-d9a8184 elementor-widget__width-auto elementor-widget elementor-widget-pix-button\" data-id=\"d9a8184\" data-element_type=\"widget\" data-widget_type=\"pix-button.default\">\n\t\t\t\t<div class=\"elementor-widget-container\">\n\t\t\t\t\t<a  href=\"https:\/\/bambudekor.com\/index.php\/iletisim\/\" class=\"btn m-0     shadow-sm text-heading-default btn-white d-inline-block pix-hover-item       btn-lg\"     ><i class=\"font-weight-bold pixicon-phone  pix-hover-left  mr-1\"><\/i> <span class=\"font-weight-bold \" >\u0130leti\u015fim<\/span><\/a>\t\t\t\t<\/div>\n\t\t\t\t<\/div>\n\t\t\t\t\t<\/div>\n\t\t<\/div>\n\t\t\t\t<div class=\"elementor-column elementor-col-50 elementor-top-column elementor-element elementor-element-b91a593\" data-id=\"b91a593\" data-element_type=\"column\">\n\t\t\t<div class=\"elementor-widget-wrap elementor-element-populated\">\n\t\t\t\t\t\t<div class=\"elementor-element elementor-element-62048a4 elementor-widget elementor-widget-pix-img\" data-id=\"62048a4\" data-element_type=\"widget\" data-widget_type=\"pix-img.default\">\n\t\t\t\t<div class=\"elementor-widget-container\">\n\t\t\t\t\t<div class=\"d-inline-block \" ><div class=\"pix-img-el    shadow-lg shadow-hover-lg scale-sm text-center d-inline-block  w-100 rounded-10\"  data-jarallax-element=\"50 0\" data-xaxis=\"50\" data-yaxis=\"0\"><img fetchpriority=\"high\" decoding=\"async\" class=\"card-img2 pix-img-elem rounded-10  h-1002\" style=\"height:auto;\" width=\"1110\" height=\"832\" srcset=\"https:\/\/bambudekor.com\/wp-content\/uploads\/2025\/09\/boya-badana.jpg 1110w, https:\/\/bambudekor.com\/wp-content\/uploads\/2025\/09\/boya-badana-300x225.jpg 300w, https:\/\/bambudekor.com\/wp-content\/uploads\/2025\/09\/boya-badana-1024x768.jpg 1024w, https:\/\/bambudekor.com\/wp-content\/uploads\/2025\/09\/boya-badana-768x576.jpg 768w, https:\/\/bambudekor.com\/wp-content\/uploads\/2025\/09\/boya-badana-600x450.jpg 600w\" sizes=\"(max-width: 1110px) 100vw, 1110px\" src=\"https:\/\/bambudekor.com\/wp-content\/uploads\/2025\/09\/boya-badana.jpg\" alt=\"Intro\" \/><\/div><\/div>\t\t\t\t<\/div>\n\t\t\t\t<\/div>\n\t\t\t\t\t<\/div>\n\t\t<\/div>\n\t\t\t\t\t<\/div>\n\t\t<\/section>\n\t\t\t\t<section class=\"elementor-section elementor-top-section elementor-element elementor-element-78ede64 elementor-section-full_width elementor-section-height-default elementor-section-height-default\" data-id=\"78ede64\" data-element_type=\"section\">\n\t\t\t\t\t\t<div class=\"elementor-container elementor-column-gap-no\">\n\t\t\t\t\t<div class=\"elementor-column elementor-col-100 elementor-top-column elementor-element elementor-element-5575a22\" data-id=\"5575a22\" data-element_type=\"column\">\n\t\t\t<div class=\"elementor-widget-wrap elementor-element-populated\">\n\t\t\t\t\t\t<div class=\"elementor-element elementor-element-27faae1 elementor-widget elementor-widget-pix-dividers\" data-id=\"27faae1\" data-element_type=\"widget\" data-widget_type=\"pix-dividers.default\">\n\t\t\t\t<div class=\"elementor-widget-container\">\n\t\t\t\t\t<div class=\"pix-divider  position-relative pix-bottom-divider\" data-style=\"style-8\" ><svg xmlns=\"http:\/\/www.w3.org\/2000\/svg\" width=\"100%\" height=\"300px\" viewBox=\"0 0 1200 366\" preserveAspectRatio=\"none\"><polygon fill=\"url(#divider-pix-accordion-345786-bottom-overlay-layer-3)\" points=\"0 240 1200 0 1200 366 0 366\" \/><polygon fill=\"url(#divider-pix-accordion-345786-bottom-overlay-layer-2)\" points=\"0 300 1200 60 1200 366 0 366\"  \/><polygon fill=\"#ffffff\" points=\"0 360 1200 120 1200 366 0 366\"\/><defs><linearGradient id=\"divider-pix-accordion-345786-bottom-overlay-layer-3\" x1=\"0%\" y1=\"0%\" x2=\"100%\" y2=\"0%\"><stop offset=\"0%\"   stop-color=\"#00000014\"\/><stop offset=\"100%\"   stop-color=\"#FFFFFF03\"\/><\/linearGradient><linearGradient id=\"divider-pix-accordion-345786-bottom-overlay-layer-2\" x1=\"0%\" y1=\"0%\" x2=\"100%\" y2=\"0%\"><stop offset=\"0%\"   stop-color=\"#FFFFFF03\"\/><stop offset=\"100%\"   stop-color=\"#FFFFFF03\"\/><\/linearGradient><\/defs><\/svg><\/div>\t\t\t\t<\/div>\n\t\t\t\t<\/div>\n\t\t\t\t\t<\/div>\n\t\t<\/div>\n\t\t\t\t\t<\/div>\n\t\t<\/section>\n\t\t\t\t<section class=\"elementor-section elementor-top-section elementor-element elementor-element-9cdb88c elementor-section-boxed elementor-section-height-default elementor-section-height-default\" data-id=\"9cdb88c\" data-element_type=\"section\">\n\t\t\t\t\t\t<div class=\"elementor-container elementor-column-gap-default\">\n\t\t\t\t\t<div class=\"elementor-column elementor-col-100 elementor-top-column elementor-element elementor-element-bb35315\" data-id=\"bb35315\" data-element_type=\"column\">\n\t\t\t<div class=\"elementor-widget-wrap elementor-element-populated\">\n\t\t\t\t\t\t<section class=\"elementor-section elementor-inner-section elementor-element elementor-element-569511b elementor-section-boxed elementor-section-height-default elementor-section-height-default\" data-id=\"569511b\" data-element_type=\"section\">\n\t\t\t\t\t\t<div class=\"elementor-container elementor-column-gap-default\">\n\t\t\t\t\t<div class=\"elementor-column elementor-col-33 elementor-inner-column elementor-element elementor-element-913ad75\" data-id=\"913ad75\" data-element_type=\"column\">\n\t\t\t<div class=\"elementor-widget-wrap elementor-element-populated\">\n\t\t\t\t\t\t<div class=\"elementor-element elementor-element-363de55 elementor-widget elementor-widget-pix-feature\" data-id=\"363de55\" data-element_type=\"widget\" data-widget_type=\"pix-feature.default\">\n\t\t\t\t<div class=\"elementor-widget-container\">\n\t\t\t\t\t<div id=\"duo-icon-87399477\" class=\"pix-feature-el text-custom \"><div class=\"d-inline-block \"   style=\"position:relative;text-align:center;\"><i style=\"display:inline-block;font-size:64px;line-height:64px;\" class=\"text-primary align-middle pixicon-check-circle-1\"><\/i><\/div><h5 class=\"font-weight-bold   text-heading-default \" style=\"\"  >Boya & Badana Uygulamalar\u0131<\/h5><div class=\"text-body-default text-18     \" style=\"padding-top:5px;\"  ><\/div><\/div>\t\t\t\t<\/div>\n\t\t\t\t<\/div>\n\t\t\t\t\t<\/div>\n\t\t<\/div>\n\t\t\t\t<div class=\"elementor-column elementor-col-33 elementor-inner-column elementor-element elementor-element-9e9fd11\" data-id=\"9e9fd11\" data-element_type=\"column\">\n\t\t\t<div class=\"elementor-widget-wrap elementor-element-populated\">\n\t\t\t\t\t\t<div class=\"elementor-element elementor-element-efcdd8c elementor-widget elementor-widget-pix-feature\" data-id=\"efcdd8c\" data-element_type=\"widget\" data-widget_type=\"pix-feature.default\">\n\t\t\t\t<div class=\"elementor-widget-container\">\n\t\t\t\t\t<div id=\"duo-icon-167461622\" class=\"pix-feature-el text-custom \"><div class=\"d-inline-block \"   style=\"position:relative;text-align:center;\"><i style=\"display:inline-block;font-size:64px;line-height:64px;\" class=\"text-primary align-middle pixicon-check-circle-1\"><\/i><\/div><h5 class=\"font-weight-bold   text-heading-default \" style=\"\"  >Tamirat \u0130\u015fleri<\/h5><div class=\"text-body-default text-18     \" style=\"padding-top:5px;\"  ><\/div><\/div>\t\t\t\t<\/div>\n\t\t\t\t<\/div>\n\t\t\t\t\t<\/div>\n\t\t<\/div>\n\t\t\t\t<div class=\"elementor-column elementor-col-33 elementor-inner-column elementor-element elementor-element-e5d0c1e\" data-id=\"e5d0c1e\" data-element_type=\"column\">\n\t\t\t<div class=\"elementor-widget-wrap elementor-element-populated\">\n\t\t\t\t\t\t<div class=\"elementor-element elementor-element-b55779a elementor-widget elementor-widget-pix-feature\" data-id=\"b55779a\" data-element_type=\"widget\" data-widget_type=\"pix-feature.default\">\n\t\t\t\t<div class=\"elementor-widget-container\">\n\t\t\t\t\t<div id=\"duo-icon-72338017\" class=\"pix-feature-el text-custom \"><div class=\"d-inline-block \"   style=\"position:relative;text-align:center;\"><i style=\"display:inline-block;font-size:64px;line-height:64px;\" class=\"text-primary align-middle pixicon-check-circle-1\"><\/i><\/div><h5 class=\"font-weight-bold   text-heading-default \" style=\"\"  >Anahtar Teslim Hizmet<\/h5><div class=\"text-body-default text-18     \" style=\"padding-top:5px;\"  ><\/div><\/div>\t\t\t\t<\/div>\n\t\t\t\t<\/div>\n\t\t\t\t\t<\/div>\n\t\t<\/div>\n\t\t\t\t\t<\/div>\n\t\t<\/section>\n\t\t\t\t\t<\/div>\n\t\t<\/div>\n\t\t\t\t\t<\/div>\n\t\t<\/section>\n\t\t\t\t<section class=\"elementor-section elementor-top-section elementor-element elementor-element-a4ebe54 elementor-section-boxed elementor-section-height-default elementor-section-height-default\" data-id=\"a4ebe54\" data-element_type=\"section\">\n\t\t\t\t\t\t<div class=\"elementor-container elementor-column-gap-default\">\n\t\t\t\t\t<div class=\"elementor-column elementor-col-100 elementor-top-column elementor-element elementor-element-1b64927\" data-id=\"1b64927\" data-element_type=\"column\">\n\t\t\t<div class=\"elementor-widget-wrap elementor-element-populated\">\n\t\t\t\t\t\t<section class=\"elementor-section elementor-inner-section elementor-element elementor-element-d5b253b elementor-section-boxed elementor-section-height-default elementor-section-height-default\" data-id=\"d5b253b\" data-element_type=\"section\">\n\t\t\t\t\t\t<div class=\"elementor-container elementor-column-gap-default\">\n\t\t\t\t\t<div class=\"elementor-column elementor-col-50 elementor-inner-column elementor-element elementor-element-61bd337\" data-id=\"61bd337\" data-element_type=\"column\">\n\t\t\t<div class=\"elementor-widget-wrap elementor-element-populated\">\n\t\t\t\t\t\t<div class=\"elementor-element elementor-element-0a92f08 elementor-widget elementor-widget-pix-highlighted-text\" data-id=\"0a92f08\" data-element_type=\"widget\" data-widget_type=\"pix-highlighted-text.default\">\n\t\t\t\t<div class=\"elementor-widget-container\">\n\t\t\t\t\t<div id=\"highlighted-text-143337071\" class=\"pix-highlighted-element text-left \"><h3 class=\"pix-highlighted-items \" style=\"\" data-anim-type=\"\" data-anim-delay=\"\"><span id=\"highlighted-text-143337071-0\" class=\" elementor-repeater-item-482f712\"><span class=\"pix-highlighted-text pix-highlight-item font-weight-normal  heading-font text-heading-default\">Neden Bambu Yap\u0131 Dekorasyon ?<\/span><\/span><\/h3><\/div>\t\t\t\t<\/div>\n\t\t\t\t<\/div>\n\t\t\t\t<div class=\"elementor-element elementor-element-ded345f elementor-widget elementor-widget-pix-text\" data-id=\"ded345f\" data-element_type=\"widget\" data-widget_type=\"pix-text.default\">\n\t\t\t\t<div class=\"elementor-widget-container\">\n\t\t\t\t\t<div class=\"pix-el-text w-100 text-left \" ><p class=\"resp-option text-left \"><ul><li data-start=\"1299\" data-end=\"1346\"><p data-start=\"1301\" data-end=\"1346\">Deneyimli ustalarla h\u0131zl\u0131 ve temiz uygulama<\/p><\/li><li data-start=\"1347\" data-end=\"1397\"><p data-start=\"1349\" data-end=\"1397\">Uzun \u00f6m\u00fcrl\u00fc, kaliteli boya markalar\u0131 kullan\u0131m\u0131<\/p><\/li><li data-start=\"1398\" data-end=\"1448\"><p data-start=\"1400\" data-end=\"1448\">Renk ve tasar\u0131m konusunda profesyonel \u00f6neriler<\/p><\/li><li data-start=\"1449\" data-end=\"1483\"><p data-start=\"1451\" data-end=\"1483\">Uygun fiyat, y\u00fcksek memnuniyet<\/p><\/li><li data-start=\"1484\" data-end=\"1526\"><p data-start=\"1486\" data-end=\"1526\">Sakarya ve \u00e7evresinde g\u00fcvenilir hizmet<\/p><\/li><\/ul><\/p><\/div>\t\t\t\t<\/div>\n\t\t\t\t<\/div>\n\t\t\t\t\t<\/div>\n\t\t<\/div>\n\t\t\t\t<div class=\"elementor-column elementor-col-50 elementor-inner-column elementor-element elementor-element-5b924b1\" data-id=\"5b924b1\" data-element_type=\"column\" data-settings=\"{&quot;background_background&quot;:&quot;classic&quot;}\">\n\t\t\t<div class=\"elementor-widget-wrap elementor-element-populated\">\n\t\t\t\t\t\t<div class=\"elementor-element elementor-element-0374ac9 elementor-widget elementor-widget-pix-highlighted-text\" data-id=\"0374ac9\" data-element_type=\"widget\" data-widget_type=\"pix-highlighted-text.default\">\n\t\t\t\t<div class=\"elementor-widget-container\">\n\t\t\t\t\t<div id=\"highlighted-text-24015231\" class=\"pix-highlighted-element text-left \"><h3 class=\"pix-highlighted-items \" style=\"\" data-anim-type=\"\" data-anim-delay=\"\"><span id=\"highlighted-text-24015231-0\" class=\" elementor-repeater-item-482f712\"><span class=\"pix-highlighted-text pix-highlight-item font-weight-normal  heading-font text-heading-default\">Yeni Bir Ba\u015flang\u0131\u00e7 \u0130\u00e7in<\/span><\/span><\/h3><\/div>\t\t\t\t<\/div>\n\t\t\t\t<\/div>\n\t\t\t\t<div class=\"elementor-element elementor-element-e698c5e elementor-widget elementor-widget-pix-text\" data-id=\"e698c5e\" data-element_type=\"widget\" data-widget_type=\"pix-text.default\">\n\t\t\t\t<div class=\"elementor-widget-container\">\n\t\t\t\t\t<div class=\"pix-el-text w-100 text-left \" ><p class=\"text-20 resp-option text-body-default text-left \" >Boya ve badana, bir mek\u00e2n\u0131n atmosferini tamamen de\u011fi\u015ftirir. Biz, duvarlar\u0131n\u0131za yaln\u0131zca renk de\u011fil; ferahl\u0131k, huzur ve estetik kazand\u0131r\u0131yoruz.<\/p><\/div>\t\t\t\t<\/div>\n\t\t\t\t<\/div>\n\t\t\t\t\t<\/div>\n\t\t<\/div>\n\t\t\t\t\t<\/div>\n\t\t<\/section>\n\t\t\t\t<section class=\"elementor-section elementor-inner-section elementor-element elementor-element-ec3c376 elementor-section-boxed elementor-section-height-default elementor-section-height-default\" data-id=\"ec3c376\" data-element_type=\"section\">\n\t\t\t\t\t\t<div class=\"elementor-container elementor-column-gap-default\">\n\t\t\t\t\t<div class=\"elementor-column elementor-col-100 elementor-inner-column elementor-element elementor-element-73bc3f0\" data-id=\"73bc3f0\" data-element_type=\"column\">\n\t\t\t<div class=\"elementor-widget-wrap elementor-element-populated\">\n\t\t\t\t\t\t<div class=\"elementor-element elementor-element-479543b elementor-widget elementor-widget-pix-button\" data-id=\"479543b\" data-element_type=\"widget\" data-widget_type=\"pix-button.default\">\n\t\t\t\t<div class=\"elementor-widget-container\">\n\t\t\t\t\t<div class=\"d-block w-100 text-center\"><a  href=\"https:\/\/bambudekor.com\/index.php\/iletisim\/\" class=\"btn m-0     shadow-sm btn-secondary d-inline-block pix-hover-item       pix-btn-div btn-lg\"     ><i class=\"font-weight-bold pixicon-messages-2  pix-hover-left  mr-1\"><\/i> <span class=\"font-weight-bold \" >\u0130leti\u015fim<\/span><\/a><\/div>\t\t\t\t<\/div>\n\t\t\t\t<\/div>\n\t\t\t\t\t<\/div>\n\t\t<\/div>\n\t\t\t\t\t<\/div>\n\t\t<\/section>\n\t\t\t\t\t<\/div>\n\t\t<\/div>\n\t\t\t\t\t<\/div>\n\t\t<\/section>\n\t\t\t\t<\/div>\n\t\t","protected":false},"excerpt":{"rendered":"<p>Usta \u0130\u015f\u00e7ilikle Boya, Badana ve Tamirat \u00c7\u00f6z\u00fcmleri Mek\u00e2nlar\u0131n\u0131za Ferahl\u0131k ve Yenilik Kat\u0131n Bambu Yap\u0131 Dekorasyon olarak, ev ve i\u015f yerlerinize estetik bir g\u00f6r\u00fcn\u00fcm kazand\u0131rmak i\u00e7in profesyonel boya, badana ve tamirat hizmetleri sunuyoruz. Alan\u0131nda uzman ekibimiz, kaliteli malzeme ve usta i\u015f\u00e7ilikle&#8230;<\/p>\n","protected":false},"author":1,"featured_media":0,"parent":0,"menu_order":0,"comment_status":"closed","ping_status":"closed","template":"","meta":{"footnotes":""},"class_list":["post-4437","page","type-page","status-publish","hentry"],"yoast_head":"<!-- This site is optimized with the Yoast SEO plugin v25.9 - https:\/\/yoast.com\/wordpress\/plugins\/seo\/ -->\n<title>Boya, Badana ve Tamirat \u00c7\u00f6z\u00fcmleri - Bambu Dekor<\/title>\n<meta name=\"description\" content=\"Sakarya\u2019da profesyonel boya, badana ve tamirat hizmetleri. Usta i\u015f\u00e7ilik, kaliteli malzeme ve dekoratif uygulamalarla evinizi yenileyin.\" \/>\n<meta name=\"robots\" content=\"index, follow, max-snippet:-1, max-image-preview:large, max-video-preview:-1\" \/>\n<link rel=\"canonical\" href=\"https:\/\/bambudekor.com\/index.php\/boya-badana-ve-tamirat-cozumleri\/\" \/>\n<meta property=\"og:locale\" content=\"tr_TR\" \/>\n<meta property=\"og:type\" content=\"article\" \/>\n<meta property=\"og:title\" content=\"Boya, Badana ve Tamirat \u00c7\u00f6z\u00fcmleri - Bambu Dekor\" \/>\n<meta property=\"og:description\" content=\"Sakarya\u2019da profesyonel boya, badana ve tamirat hizmetleri. Usta i\u015f\u00e7ilik, kaliteli malzeme ve dekoratif uygulamalarla evinizi yenileyin.\" \/>\n<meta property=\"og:url\" content=\"https:\/\/bambudekor.com\/index.php\/boya-badana-ve-tamirat-cozumleri\/\" \/>\n<meta property=\"og:site_name\" content=\"Bambu Dekor\" \/>\n<meta property=\"article:modified_time\" content=\"2025-09-16T13:25:01+00:00\" \/>\n<meta property=\"og:image\" content=\"https:\/\/bambudekor.com\/wp-content\/uploads\/2025\/09\/boya-badana.jpg\" \/>\n<meta name=\"twitter:card\" content=\"summary_large_image\" \/>\n<meta name=\"twitter:label1\" content=\"Tahmini okuma s\u00fcresi\" \/>\n\t<meta name=\"twitter:data1\" content=\"1 dakika\" \/>\n<script type=\"application\/ld+json\" class=\"yoast-schema-graph\">{\"@context\":\"https:\/\/schema.org\",\"@graph\":[{\"@type\":\"WebPage\",\"@id\":\"https:\/\/bambudekor.com\/index.php\/boya-badana-ve-tamirat-cozumleri\/\",\"url\":\"https:\/\/bambudekor.com\/index.php\/boya-badana-ve-tamirat-cozumleri\/\",\"name\":\"Boya, Badana ve Tamirat \u00c7\u00f6z\u00fcmleri - Bambu Dekor\",\"isPartOf\":{\"@id\":\"https:\/\/bambudekor.com\/#website\"},\"primaryImageOfPage\":{\"@id\":\"https:\/\/bambudekor.com\/index.php\/boya-badana-ve-tamirat-cozumleri\/#primaryimage\"},\"image\":{\"@id\":\"https:\/\/bambudekor.com\/index.php\/boya-badana-ve-tamirat-cozumleri\/#primaryimage\"},\"thumbnailUrl\":\"https:\/\/bambudekor.com\/wp-content\/uploads\/2025\/09\/boya-badana.jpg\",\"datePublished\":\"2025-09-16T10:43:49+00:00\",\"dateModified\":\"2025-09-16T13:25:01+00:00\",\"description\":\"Sakarya\u2019da profesyonel boya, badana ve tamirat hizmetleri. Usta i\u015f\u00e7ilik, kaliteli malzeme ve dekoratif uygulamalarla evinizi yenileyin.\",\"breadcrumb\":{\"@id\":\"https:\/\/bambudekor.com\/index.php\/boya-badana-ve-tamirat-cozumleri\/#breadcrumb\"},\"inLanguage\":\"tr\",\"potentialAction\":[{\"@type\":\"ReadAction\",\"target\":[\"https:\/\/bambudekor.com\/index.php\/boya-badana-ve-tamirat-cozumleri\/\"]}]},{\"@type\":\"ImageObject\",\"inLanguage\":\"tr\",\"@id\":\"https:\/\/bambudekor.com\/index.php\/boya-badana-ve-tamirat-cozumleri\/#primaryimage\",\"url\":\"https:\/\/bambudekor.com\/wp-content\/uploads\/2025\/09\/boya-badana.jpg\",\"contentUrl\":\"https:\/\/bambudekor.com\/wp-content\/uploads\/2025\/09\/boya-badana.jpg\",\"width\":1110,\"height\":832},{\"@type\":\"BreadcrumbList\",\"@id\":\"https:\/\/bambudekor.com\/index.php\/boya-badana-ve-tamirat-cozumleri\/#breadcrumb\",\"itemListElement\":[{\"@type\":\"ListItem\",\"position\":1,\"name\":\"Anasayfa\",\"item\":\"https:\/\/bambudekor.com\/\"},{\"@type\":\"ListItem\",\"position\":2,\"name\":\"Boya, Badana ve Tamirat \u00c7\u00f6z\u00fcmleri\"}]},{\"@type\":\"WebSite\",\"@id\":\"https:\/\/bambudekor.com\/#website\",\"url\":\"https:\/\/bambudekor.com\/\",\"name\":\"Bambu Dekor\",\"description\":\"\",\"potentialAction\":[{\"@type\":\"SearchAction\",\"target\":{\"@type\":\"EntryPoint\",\"urlTemplate\":\"https:\/\/bambudekor.com\/?s={search_term_string}\"},\"query-input\":{\"@type\":\"PropertyValueSpecification\",\"valueRequired\":true,\"valueName\":\"search_term_string\"}}],\"inLanguage\":\"tr\"}]}<\/script>\n<!-- \/ Yoast SEO plugin. -->","yoast_head_json":{"title":"Boya, Badana ve Tamirat \u00c7\u00f6z\u00fcmleri - Bambu Dekor","description":"Sakarya\u2019da profesyonel boya, badana ve tamirat hizmetleri. Usta i\u015f\u00e7ilik, kaliteli malzeme ve dekoratif uygulamalarla evinizi yenileyin.","robots":{"index":"index","follow":"follow","max-snippet":"max-snippet:-1","max-image-preview":"max-image-preview:large","max-video-preview":"max-video-preview:-1"},"canonical":"https:\/\/bambudekor.com\/index.php\/boya-badana-ve-tamirat-cozumleri\/","og_locale":"tr_TR","og_type":"article","og_title":"Boya, Badana ve Tamirat \u00c7\u00f6z\u00fcmleri - Bambu Dekor","og_description":"Sakarya\u2019da profesyonel boya, badana ve tamirat hizmetleri. Usta i\u015f\u00e7ilik, kaliteli malzeme ve dekoratif uygulamalarla evinizi yenileyin.","og_url":"https:\/\/bambudekor.com\/index.php\/boya-badana-ve-tamirat-cozumleri\/","og_site_name":"Bambu Dekor","article_modified_time":"2025-09-16T13:25:01+00:00","og_image":[{"url":"https:\/\/bambudekor.com\/wp-content\/uploads\/2025\/09\/boya-badana.jpg","type":"","width":"","height":""}],"twitter_card":"summary_large_image","twitter_misc":{"Tahmini okuma s\u00fcresi":"1 dakika"},"schema":{"@context":"https:\/\/schema.org","@graph":[{"@type":"WebPage","@id":"https:\/\/bambudekor.com\/index.php\/boya-badana-ve-tamirat-cozumleri\/","url":"https:\/\/bambudekor.com\/index.php\/boya-badana-ve-tamirat-cozumleri\/","name":"Boya, Badana ve Tamirat \u00c7\u00f6z\u00fcmleri - Bambu Dekor","isPartOf":{"@id":"https:\/\/bambudekor.com\/#website"},"primaryImageOfPage":{"@id":"https:\/\/bambudekor.com\/index.php\/boya-badana-ve-tamirat-cozumleri\/#primaryimage"},"image":{"@id":"https:\/\/bambudekor.com\/index.php\/boya-badana-ve-tamirat-cozumleri\/#primaryimage"},"thumbnailUrl":"https:\/\/bambudekor.com\/wp-content\/uploads\/2025\/09\/boya-badana.jpg","datePublished":"2025-09-16T10:43:49+00:00","dateModified":"2025-09-16T13:25:01+00:00","description":"Sakarya\u2019da profesyonel boya, badana ve tamirat hizmetleri. Usta i\u015f\u00e7ilik, kaliteli malzeme ve dekoratif uygulamalarla evinizi yenileyin.","breadcrumb":{"@id":"https:\/\/bambudekor.com\/index.php\/boya-badana-ve-tamirat-cozumleri\/#breadcrumb"},"inLanguage":"tr","potentialAction":[{"@type":"ReadAction","target":["https:\/\/bambudekor.com\/index.php\/boya-badana-ve-tamirat-cozumleri\/"]}]},{"@type":"ImageObject","inLanguage":"tr","@id":"https:\/\/bambudekor.com\/index.php\/boya-badana-ve-tamirat-cozumleri\/#primaryimage","url":"https:\/\/bambudekor.com\/wp-content\/uploads\/2025\/09\/boya-badana.jpg","contentUrl":"https:\/\/bambudekor.com\/wp-content\/uploads\/2025\/09\/boya-badana.jpg","width":1110,"height":832},{"@type":"BreadcrumbList","@id":"https:\/\/bambudekor.com\/index.php\/boya-badana-ve-tamirat-cozumleri\/#breadcrumb","itemListElement":[{"@type":"ListItem","position":1,"name":"Anasayfa","item":"https:\/\/bambudekor.com\/"},{"@type":"ListItem","position":2,"name":"Boya, Badana ve Tamirat \u00c7\u00f6z\u00fcmleri"}]},{"@type":"WebSite","@id":"https:\/\/bambudekor.com\/#website","url":"https:\/\/bambudekor.com\/","name":"Bambu Dekor","description":"","potentialAction":[{"@type":"SearchAction","target":{"@type":"EntryPoint","urlTemplate":"https:\/\/bambudekor.com\/?s={search_term_string}"},"query-input":{"@type":"PropertyValueSpecification","valueRequired":true,"valueName":"search_term_string"}}],"inLanguage":"tr"}]}},"_links":{"self":[{"href":"https:\/\/bambudekor.com\/index.php\/wp-json\/wp\/v2\/pages\/4437","targetHints":{"allow":["GET"]}}],"collection":[{"href":"https:\/\/bambudekor.com\/index.php\/wp-json\/wp\/v2\/pages"}],"about":[{"href":"https:\/\/bambudekor.com\/index.php\/wp-json\/wp\/v2\/types\/page"}],"author":[{"embeddable":true,"href":"https:\/\/bambudekor.com\/index.php\/wp-json\/wp\/v2\/users\/1"}],"replies":[{"embeddable":true,"href":"https:\/\/bambudekor.com\/index.php\/wp-json\/wp\/v2\/comments?post=4437"}],"version-history":[{"count":13,"href":"https:\/\/bambudekor.com\/index.php\/wp-json\/wp\/v2\/pages\/4437\/revisions"}],"predecessor-version":[{"id":4451,"href":"https:\/\/bambudekor.com\/index.php\/wp-json\/wp\/v2\/pages\/4437\/revisions\/4451"}],"wp:attachment":[{"href":"https:\/\/bambudekor.com\/index.php\/wp-json\/wp\/v2\/media?parent=4437"}],"curies":[{"name":"wp","href":"https:\/\/api.w.org\/{rel}","templated":true}]}}